{"id":2,"date":"2022-11-03T13:16:24","date_gmt":"2022-11-03T13:16:24","guid":{"rendered":"https:\/\/evjetkd.no\/?page_id=2"},"modified":"2024-03-03T14:43:27","modified_gmt":"2024-03-03T13:43:27","slug":"sample-page","status":"publish","type":"page","link":"https:\/\/evjetkd.no\/?page_id=2","title":{"rendered":"Om Oss"},"content":{"rendered":"\n<p><strong>Evje Taekwondo Klubb<\/strong><\/p>\n\n\n\n<blockquote class=\"wp-block-quote is-layout-flow wp-block-quote-is-layout-flow\">\n<p class=\"has-small-font-size\">Evje Taekwondo Klubb ble stiftet i 20.08.1996, og er den eneste taekwondo klubben i Setesdal. Gjennom \u00e5rene har klubben produsert <br><\/p>\n<\/blockquote>\n\n\n\n<p><strong>Vi er tilknyttet TTU<\/strong><\/p>\n\n\n\n<blockquote class=\"wp-block-quote is-layout-flow wp-block-quote-is-layout-flow\">\n<p class=\"has-small-font-size\">TTU ogs\u00e5 kjent som Traditional Taekwondo Union blei grunnlagt p\u00e5 Jevnaker i 1996, grunnlegger av TTU er Grandmaster Cho Woon Sup (9.dan). Han var den f\u00f8rste koreanske mesteren som kom til Danmark i 1976 der han instruerte flere taekwondoklubber i K\u00f8benhavn-omr\u00e5det. I 1987 flytter Grandmaster Cho til Bergen, der han bosetter seg og driver aktivt med taekwondo og buker masse tid p\u00e5 \u00e5 delta p\u00e5 ulike arrangementer i regi av TTU.<\/p>\n\n\n\n<p class=\"has-contrast-color has-text-color has-link-color has-small-font-size wp-elements-6a8d8c7988832c5521e9b2e160edc491\">TTU ble grunnlagt som en motvekt til sportsiden av taekwondo, der det heller er fokus p\u00e5 ta vare p\u00e5 de gamle verdiene gjennom respekt og disiplin i treningen, det er fokus p\u00e5 poomse, avtalt kamp, kamp og selvforsvar. <\/p>\n<\/blockquote>\n\n\n\n<p><strong>Instrukt\u00f8rer:<\/strong><\/p>\n\n\n\n<blockquote class=\"wp-block-quote is-layout-flow wp-block-quote-is-layout-flow\">\n<p class=\"has-medium-font-size\"><strong>Eirik Brottveit:<\/strong><\/p>\n<cite>Grad: 5.dan trent siden h\u00f8st 1999, v\u00e6rt hovedinstrukt\u00f8r siden &#8230;<\/cite><\/blockquote>\n\n\n\n<blockquote class=\"wp-block-quote is-layout-flow wp-block-quote-is-layout-flow\">\n<p><strong>Dan Brottveit<\/strong><\/p>\n<cite>Grad: 2.dan trent siden h\u00f8st 2009<\/cite><\/blockquote>\n","protected":false},"excerpt":{"rendered":"<p>Evje Taekwondo Klubb Evje Taekwondo Klubb ble stiftet i 20.08.1996, og er den eneste taekwondo klubben i Setesdal. Gjennom \u00e5rene har klubben produsert Vi er tilknyttet TTU TTU ogs\u00e5 kjent som Traditional Taekwondo Union blei grunnlagt p\u00e5 Jevnaker i 1996, grunnlegger av TTU er Grandmaster Cho Woon Sup (9.dan). Han var den f\u00f8rste koreanske mesteren [&hellip;]<\/p>\n","protected":false},"author":1,"featured_media":0,"parent":0,"menu_order":0,"comment_status":"closed","ping_status":"open","template":"","meta":{"footnotes":""},"class_list":["post-2","page","type-page","status-publish","hentry"],"_links":{"self":[{"href":"https:\/\/evjetkd.no\/index.php?rest_route=\/wp\/v2\/pages\/2","targetHints":{"allow":["GET"]}}],"collection":[{"href":"https:\/\/evjetkd.no\/index.php?rest_route=\/wp\/v2\/pages"}],"about":[{"href":"https:\/\/evjetkd.no\/index.php?rest_route=\/wp\/v2\/types\/page"}],"author":[{"embeddable":true,"href":"https:\/\/evjetkd.no\/index.php?rest_route=\/wp\/v2\/users\/1"}],"replies":[{"embeddable":true,"href":"https:\/\/evjetkd.no\/index.php?rest_route=%2Fwp%2Fv2%2Fcomments&post=2"}],"version-history":[{"count":3,"href":"https:\/\/evjetkd.no\/index.php?rest_route=\/wp\/v2\/pages\/2\/revisions"}],"predecessor-version":[{"id":286,"href":"https:\/\/evjetkd.no\/index.php?rest_route=\/wp\/v2\/pages\/2\/revisions\/286"}],"wp:attachment":[{"href":"https:\/\/evjetkd.no\/index.php?rest_route=%2Fwp%2Fv2%2Fmedia&parent=2"}],"curies":[{"name":"wp","href":"https:\/\/api.w.org\/{rel}","templated":true}]}}